{"id":833,"date":"2025-10-09T07:53:39","date_gmt":"2025-10-09T07:53:39","guid":{"rendered":"https:\/\/pietrodorissa.ro\/?page_id=833"},"modified":"2025-10-22T07:43:27","modified_gmt":"2025-10-22T07:43:27","slug":"politica-cookies","status":"publish","type":"page","link":"https:\/\/pietrodorissa.ro\/en\/politica-cookies\/","title":{"rendered":"Politic\u0103 Cookies"},"content":{"rendered":"<div data-elementor-type=\"wp-page\" data-elementor-id=\"833\" class=\"elementor elementor-833\" data-elementor-post-type=\"page\">\n\t\t\t\t<div class=\"elementor-element elementor-element-1b58ac1f e-con-full e-flex e-con e-parent\" data-id=\"1b58ac1f\" data-element_type=\"container\" data-e-type=\"container\">\n\t\t\t\t<div class=\"elementor-element elementor-element-4d0195eb elementor-widget__width-initial elementor-widget elementor-widget-text-editor\" data-id=\"4d0195eb\" data-element_type=\"widget\" data-e-type=\"widget\" data-widget_type=\"text-editor.default\">\n\t\t\t\t<div class=\"elementor-widget-container\">\n\t\t\t\t\t\t\t\t\t<p><strong>Introducere<\/strong><br \/>Prezenta Politic\u0103 privind fi\u0219ierele cookies se aplic\u0103 tuturor utilizatorilor website-ului www.pietrodorissa.ro. Informa\u021biile prezentate \u00een continuare au scopul de a informa utilizatorii acestui website cu privire la plasarea, utilizarea \u0219i administrarea cookie-urilor de c\u0103tre SC Dorissa Architects SRL \u00een contextul navig\u0103rii pe aceast\u0103 pagin\u0103 de internet.<\/p><p><strong>Ce sunt cookie-urile?<\/strong><br \/>Folosim termenul \u201ecookie-uri\u201d pentru a ne referi la modulele cookie \u0219i la tehnologiile similare prin intermediul c\u0103rora pot fi colectate informa\u021bii automat.<br \/>Un \u201eInternet Cookie\u201d (numit \u0219i \u201ebrowser cookie\u201d sau \u201eHTTP cookie\u201d) este un fi\u0219ier de mici dimensiuni, format din litere \u0219i numere, care este stocat pe computerul, terminalul mobil sau alte echipamente ale unui utilizator care acceseaz\u0103 internetul.<br \/>Cookie-urile sunt instalate prin solicitarea emis\u0103 de un web-server c\u0103tre un browser (de exemplu: Chrome, Firefox, Safari). Odat\u0103 instalate, ele r\u0103m\u00e2n \u201epasive\u201d \u2013 nu con\u021bin programe software, viru\u0219i sau spyware \u0219i nu acceseaz\u0103 informa\u021biile de pe hard-diskul utilizatorului.<br \/>Un cookie este format din dou\u0103 p\u0103r\u021bi:1. numele cookie-ului; 2.con\u021binutul sau valoarea cookie-ului.<br \/>Doar web-serverul care a trimis cookie-ul \u00eel poate accesa din nou atunci c\u00e2nd utilizatorul revine pe site-ul asociat.<\/p><p><strong>Scopul utiliz\u0103rii cookie-urilor<\/strong><br \/>Cookie-urile sunt utilizate pentru a oferi utilizatorilor o experien\u021b\u0103 de navigare mai bun\u0103 \u0219i servicii adaptate nevoilor \u0219i intereselor fiec\u0103ruia. Acestea permit: \u00eembun\u0103t\u0103\u021birea utiliz\u0103rii website-ului, inclusiv prin identificarea erorilor ap\u0103rute \u00een timpul navig\u0103rii; furnizarea de statistici anonime despre modul de utilizare a site-ului c\u0103tre Pietro Dorissa &#8211;\u00a0 SC Dorissa Architects SRL; anticiparea \u0219i adaptarea con\u021binutului \u0219i serviciilor oferite, \u00een func\u021bie de preferin\u021bele utilizatorilor.<\/p><p>De asemenea, utilizarea cookie-urilor permite memorarea anumitor set\u0103ri, precum limba \u00een care este afi\u0219at site-ul sau alte preferin\u021be de afi\u0219are.<\/p><p><strong>Durata de via\u021b\u0103 a cookie-urilor<\/strong><br \/>Durata de via\u021b\u0103 a unui cookie poate varia \u00een func\u021bie de scopul pentru care a fost plasat: Cookie-uri de sesiune: sunt \u0219terse automat c\u00e2nd utilizatorul \u00eenchide browserul.<\/p><p>Cookie-uri persistente: r\u0103m\u00e2n stocate p\u00e2n\u0103 la atingerea unei date de expirare prestabilite sau p\u00e2n\u0103 c\u00e2nd sunt \u0219terse manual de utilizator.<\/p><p><strong>Cookie-uri plasate de ter\u021bi<\/strong><br \/>Anumite sec\u021biuni ale con\u021binutului de pe site pot fi furnizate de ter\u021bi, caz \u00een care aceste cookie-uri sunt denumite \u201ethird party cookies\u201d. Ter\u021bii furnizori (de exemplu: Google Analytics, Facebook, LinkedIn) trebuie s\u0103 respecte regulile privind protec\u021bia datelor \u0219i Politica de Confiden\u021bialitate disponibil\u0103 pe site-ul www.pietrodorissa.ro.<\/p><p><strong>Tipuri de cookie-uri utilizate pe acest site<\/strong><br \/>Prin utilizarea paginii www.pietrodorissa.ro pot fi plasate urm\u0103toarele tipuri de cookie-uri:<br \/>a. Cookie-uri de performan\u021b\u0103 a site-ului;<br \/>b. Cookie-uri de analiz\u0103 a utilizatorilor;<br \/>c. Cookie-uri pentru geolocalizare.<\/p><p>a. Cookie-uri de performan\u021b\u0103: memoreaz\u0103 preferin\u021bele utilizatorului, astfel \u00eenc\u00e2t acestea s\u0103 nu fie reintroduse la fiecare vizit\u0103.<br \/>b. Cookie-uri de analiz\u0103: ne informeaz\u0103 dac\u0103 un utilizator a mai vizitat anterior site-ul; sunt folosite exclusiv \u00een scopuri statistice.<br \/>c. Cookie-uri pentru geolocalizare: sunt folosite pentru a identifica \u021bara de provenien\u021b\u0103 a utilizatorului.<\/p><p><strong>Informa\u021bii stocate \u0219i accesate prin cookie-uri<\/strong><br \/>Cookie-urile p\u0103streaz\u0103 informa\u021bii \u00eentr-un fi\u0219ier text mic, care permite recunoa\u0219terea browserului utilizatorului. Site-ul www.pietrodorissa.ro va recunoa\u0219te browserul p\u00e2n\u0103 la expirarea sau \u0219tergerea cookie-urilor.<\/p><p><strong>Personalizarea set\u0103rilor browserului privind cookie-urile<\/strong><br \/>Dac\u0103 utiliza\u021bi singur calculatorul sau dispozitivul de pe care accesa\u021bi site-ul, pute\u021bi seta termene mai lungi pentru p\u0103strarea cookie-urilor.<br \/>Dac\u0103 dispozitivul este folosit de mai multe persoane, este recomandat\u0103 \u0219tergerea datelor de navigare la \u00eenchiderea browserului.<\/p><p>Cum pot fi dezactivate cookie-urile?<br \/>Utilizatorii pot configura browserul s\u0103 resping\u0103 fi\u0219ierele cookie sau s\u0103 accepte cookie-uri doar de la anumite site-uri. Totu\u0219i, dezactivarea cookie-urilor poate limita func\u021bionalit\u0103\u021bile site-ului \u0219i poate \u00eengreuna navigarea.<\/p><p>Refuzarea sau dezactivarea cookie-urilor nu elimin\u0103 publicitatea online, ci doar face ca aceasta s\u0103 nu mai fie adaptat\u0103 preferin\u021belor dumneavoastr\u0103.<\/p><p>Pentru configurarea browserului, accesa\u021bi sec\u021biunea de set\u0103ri sau preferin\u021be, conform ghidurilor oficiale:<\/p><p>Internet Explorer \u2013 Cookie settings<\/p><p>Mozilla Firefox \u2013 Cookie settings<\/p><p>Google Chrome \u2013 Cookie settings<\/p><p>Apple Safari \u2013 Cookie settings<\/p>\t\t\t\t\t\t\t\t<\/div>\n\t\t\t\t<\/div>\n\t\t\t\t<\/div>\n\t\t\t\t<\/div>","protected":false},"excerpt":{"rendered":"<p>IntroducerePrezenta Politic\u0103 privind fi\u0219ierele cookies se aplic\u0103 tuturor utilizatorilor website-ului www.pietrodorissa.ro. Informa\u021biile prezentate \u00een continuare au scopul de a informa utilizatorii acestui website cu privire la plasarea, utilizarea \u0219i administrarea cookie-urilor de c\u0103tre SC Dorissa Architects SRL \u00een contextul navig\u0103rii pe aceast\u0103 pagin\u0103 de internet. Ce sunt cookie-urile?Folosim termenul \u201ecookie-uri\u201d pentru a ne referi la [&hellip;]<\/p>","protected":false},"author":1,"featured_media":0,"parent":0,"menu_order":0,"comment_status":"closed","ping_status":"closed","template":"","meta":{"_acf_changed":false,"footnotes":""},"class_list":["post-833","page","type-page","status-publish","hentry"],"acf":[],"_links":{"self":[{"href":"https:\/\/pietrodorissa.ro\/en\/wp-json\/wp\/v2\/pages\/833","targetHints":{"allow":["GET"]}}],"collection":[{"href":"https:\/\/pietrodorissa.ro\/en\/wp-json\/wp\/v2\/pages"}],"about":[{"href":"https:\/\/pietrodorissa.ro\/en\/wp-json\/wp\/v2\/types\/page"}],"author":[{"embeddable":true,"href":"https:\/\/pietrodorissa.ro\/en\/wp-json\/wp\/v2\/users\/1"}],"replies":[{"embeddable":true,"href":"https:\/\/pietrodorissa.ro\/en\/wp-json\/wp\/v2\/comments?post=833"}],"version-history":[{"count":20,"href":"https:\/\/pietrodorissa.ro\/en\/wp-json\/wp\/v2\/pages\/833\/revisions"}],"predecessor-version":[{"id":1355,"href":"https:\/\/pietrodorissa.ro\/en\/wp-json\/wp\/v2\/pages\/833\/revisions\/1355"}],"wp:attachment":[{"href":"https:\/\/pietrodorissa.ro\/en\/wp-json\/wp\/v2\/media?parent=833"}],"curies":[{"name":"wp","href":"https:\/\/api.w.org\/{rel}","templated":true}]}}