{"id":770,"date":"2025-10-09T07:15:18","date_gmt":"2025-10-09T07:15:18","guid":{"rendered":"https:\/\/pietrodorissa.ro\/?page_id=770"},"modified":"2025-10-17T07:04:22","modified_gmt":"2025-10-17T07:04:22","slug":"elementor-770","status":"publish","type":"page","link":"https:\/\/pietrodorissa.ro\/en\/elementor-770\/","title":{"rendered":"Politic\u0103 de Confiden\u021bialitate"},"content":{"rendered":"<div data-elementor-type=\"wp-page\" data-elementor-id=\"770\" class=\"elementor elementor-770\" data-elementor-post-type=\"page\">\n\t\t\t\t<div class=\"elementor-element elementor-element-6dff46d0 e-con-full e-flex e-con e-parent\" data-id=\"6dff46d0\" data-element_type=\"container\" data-e-type=\"container\">\n\t\t\t\t<div class=\"elementor-element elementor-element-739755ee elementor-widget__width-inherit elementor-widget elementor-widget-text-editor\" data-id=\"739755ee\" data-element_type=\"widget\" data-e-type=\"widget\" data-widget_type=\"text-editor.default\">\n\t\t\t\t<div class=\"elementor-widget-container\">\n\t\t\t\t\t\t\t\t\t<p>Orice informa\u021bie cu caracter personal sau materiale transmise c\u0103tre site-ul www.pietrodorissa.ro \u0219i de\u021bin\u0103torului acestuia, SC Dorissa Architects SRL, se supun prezentei Politici de Confiden\u021bialitate \u0219i protec\u021biei datelor cu caracter personal. Aceast\u0103 politic\u0103 prezint\u0103 procedurile de prelucrare a datelor cu caracter personal practicate de SC Dorissa Architects SRL \u00een cazul acces\u0103rii site-ului www.pietrodorissa.ro, prin intermediul internetului \u0219i a altor re\u021bele de comunicare electronic\u0103.<\/p><p>Termeni legali<\/p><p>Informa\u021biile cu caracter personal, denumite \u0219i Date cu Caracter Personal, reprezint\u0103 orice informa\u021bie care se refer\u0103 la dumneavoastr\u0103 ca persoan\u0103 fizic\u0103 \u0219i prin care pute\u021bi fi identificat direct sau indirect. Procesarea acestor date reprezint\u0103 orice activitate desf\u0103\u0219urat\u0103 de SC Dorissa Architects SRL asupra sau cu datele personale furnizate de dumneavoastr\u0103 (colectare, \u00eenregistrare, organizare, stocare, modificare, utilizare, blocare, \u0219tergere etc.). \u201eTer\u021bii\u201d reprezint\u0103 orice companie care nu se afl\u0103 sub controlul SC Dorissa Architects SRL direct sau indirect.<\/p><p>Date cu caracter personal colectate<\/p><p>Nu vom colecta nicio informa\u021bie cu caracter personal identificabil\u0103 despre dumneavoastr\u0103 prin intermediul site-ului www.pietrodorissa.ro (de exemplu: nume, adres\u0103, num\u0103r de telefon, adres\u0103 de e-mail) dec\u00e2t dac\u0103 o oferi\u021bi voluntar. Dac\u0103 nu dori\u021bi ca datele dumneavoastr\u0103 personale s\u0103 fie colectate, v\u0103 rug\u0103m s\u0103 nu le trimite\u021bi c\u0103tre noi. Colect\u0103m doar informa\u021biile pe care dori\u021bi s\u0103 ni le furniza\u021bi sau a c\u0103ror furnizare este necesar\u0103 pentru a v\u0103 putea oferi \u0219i \u00eembun\u0103t\u0103\u021bi serviciile noastre. Putem solicita, de exemplu, adresa de e-mail, numele \u0219i num\u0103rul de telefon pentru a v\u0103 putea contacta \u00een leg\u0103tur\u0103 cu serviciile oferite de SC Dorissa Architects SRL.<\/p><p>Securitate<\/p><p>SC Dorissa Architects SRL ia toate m\u0103surile necesare pentru a p\u0103stra \u00een siguran\u021b\u0103 datele dumneavoastr\u0103 cu caracter personal. La aceste informa\u021bii are acces doar personalul autorizat al SC Dorissa Architects SRL, al unor ter\u021bi care furnizeaz\u0103 servicii sau al partenerilor de afaceri care sunt obliga\u021bi prin contract s\u0103 p\u0103streze confiden\u021bialitatea \u0219i siguran\u021ba datelor. To\u021bi angaja\u021bii \u0219i colaboratorii ter\u021bi care au acces la datele dumneavoastr\u0103 au semnat acorduri de confiden\u021bialitate \u0219i non-divulgare.<\/p><p>Utilizarea datelor cu caracter personal<\/p><p>Datele dumneavoastr\u0103 cu caracter personal vor fi utilizate exclusiv \u00een scopul pentru care le-a\u021bi furnizat SC Dorissa Architects SRL. De asemenea, acestea pot fi folosite pentru a administra, sprijini \u0219i evalua serviciile oferite \u0219i pentru a preveni \u00eenc\u0103lcarea securit\u0103\u021bii sau a legii. SC Dorissa Architects SRL poate furniza datele dumneavoastr\u0103 unor ter\u021bi doar \u00een situa\u021biile prev\u0103zute de lege sau atunci c\u00e2nd este necesar pentru func\u021bionarea corect\u0103 a serviciilor (de exemplu, furnizorilor de servicii IT sau autorit\u0103\u021bilor publice, atunci c\u00e2nd este impus de lege). \u00cen toate cazurile, ace\u0219ti ter\u021bi vor fi obliga\u021bi prin contract s\u0103 respecte niveluri echivalente de protec\u021bie a datelor.<\/p><p>Modificarea sau \u0219tergerea datelor cu caracter personal<\/p><p>Ave\u021bi dreptul de a solicita \u0219tergerea, modificarea sau actualizarea datelor dumneavoastr\u0103 personale prin transmiterea unei cereri scrise la adresa de contact disponibil\u0103 pe site-ul www.pietrodorissa.ro.<\/p><p>Stocarea datelor cu caracter personal<\/p><p>SC Dorissa Architects SRL poate p\u0103stra informa\u021biile cu caracter personal \u00eentr-o baz\u0103 de date, cum ar fi baza de date a clien\u021bilor. Datele vor fi stocate doar pe perioada necesar\u0103 pentru \u00eendeplinirea scopurilor pentru care au fost colectate sau conform cerin\u021belor legale. Ave\u021bi dreptul de a solicita \u0219tergerea datelor dumneavoastr\u0103 \u00een orice moment.<\/p><p>Leg\u0103turi c\u0103tre alte site-uri<\/p><p>Site-ul www.pietrodorissa.ro poate con\u021bine linkuri c\u0103tre alte site-uri care nu sunt administrate de SC Dorissa Architects SRL. Nu suntem responsabili pentru con\u021binutul, securitatea sau politicile de confiden\u021bialitate ale acestor ter\u021bi. V\u0103 recomand\u0103m s\u0103 citi\u021bi politicile de confiden\u021bialitate ale fiec\u0103rui site \u00eenainte de a furniza date personale.<\/p><p>Modific\u0103ri ale Politicii de Confiden\u021bialitate<\/p><p>SC Dorissa Architects SRL \u00ee\u0219i rezerv\u0103 dreptul de a actualiza aceast\u0103 politic\u0103 \u00een orice moment. Continuarea utiliz\u0103rii site-ului www.pietrodorissa.ro dup\u0103 publicarea modific\u0103rilor reprezint\u0103 acceptarea acestora. Recomand\u0103m consultarea periodic\u0103 a acestei pagini pentru a fi la curent cu eventualele schimb\u0103ri.<\/p><p>Drepturile persoanelor vizate<\/p><p>Conform Regulamentului General privind Protec\u021bia Datelor (GDPR), ave\u021bi urm\u0103toarele drepturi:<\/p><p>Dreptul de acces la datele personale;<\/p><p>Dreptul la rectificare \u0219i actualizare;<\/p><p>Dreptul la \u0219tergere (\u201edreptul de a fi uitat\u201d);<\/p><p>Dreptul la restric\u021bionarea prelucr\u0103rii;<\/p><p>Dreptul la opozi\u021bie;<\/p><p>Dreptul la portabilitatea datelor.<\/p><p>Pentru exercitarea acestor drepturi, v\u0103 rug\u0103m s\u0103 ne contacta\u021bi prin intermediul formularului din pagina de contact de pe site-ul www.pietrodorissa.ro, cu men\u021biunea \u201e\u00een aten\u021bia DPO \u2013 Pietro Dorissa\u201d.<\/p>\t\t\t\t\t\t\t\t<\/div>\n\t\t\t\t<\/div>\n\t\t\t\t<\/div>\n\t\t\t\t<\/div>","protected":false},"excerpt":{"rendered":"<p>Orice informa\u021bie cu caracter personal sau materiale transmise c\u0103tre site-ul www.pietrodorissa.ro \u0219i de\u021bin\u0103torului acestuia, SC Dorissa Architects SRL, se supun prezentei Politici de Confiden\u021bialitate \u0219i protec\u021biei datelor cu caracter personal. Aceast\u0103 politic\u0103 prezint\u0103 procedurile de prelucrare a datelor cu caracter personal practicate de SC Dorissa Architects SRL \u00een cazul acces\u0103rii site-ului www.pietrodorissa.ro, prin intermediul internetului [&hellip;]<\/p>","protected":false},"author":1,"featured_media":0,"parent":0,"menu_order":0,"comment_status":"closed","ping_status":"closed","template":"","meta":{"_acf_changed":false,"footnotes":""},"class_list":["post-770","page","type-page","status-publish","hentry"],"acf":[],"_links":{"self":[{"href":"https:\/\/pietrodorissa.ro\/en\/wp-json\/wp\/v2\/pages\/770","targetHints":{"allow":["GET"]}}],"collection":[{"href":"https:\/\/pietrodorissa.ro\/en\/wp-json\/wp\/v2\/pages"}],"about":[{"href":"https:\/\/pietrodorissa.ro\/en\/wp-json\/wp\/v2\/types\/page"}],"author":[{"embeddable":true,"href":"https:\/\/pietrodorissa.ro\/en\/wp-json\/wp\/v2\/users\/1"}],"replies":[{"embeddable":true,"href":"https:\/\/pietrodorissa.ro\/en\/wp-json\/wp\/v2\/comments?post=770"}],"version-history":[{"count":27,"href":"https:\/\/pietrodorissa.ro\/en\/wp-json\/wp\/v2\/pages\/770\/revisions"}],"predecessor-version":[{"id":1639,"href":"https:\/\/pietrodorissa.ro\/en\/wp-json\/wp\/v2\/pages\/770\/revisions\/1639"}],"wp:attachment":[{"href":"https:\/\/pietrodorissa.ro\/en\/wp-json\/wp\/v2\/media?parent=770"}],"curies":[{"name":"wp","href":"https:\/\/api.w.org\/{rel}","templated":true}]}}