{"id":38,"date":"2018-02-14T20:02:45","date_gmt":"2018-02-14T20:02:45","guid":{"rendered":"http:\/\/pietrodorissa.ro\/?page_id=38"},"modified":"2026-02-17T06:46:25","modified_gmt":"2026-02-17T06:46:25","slug":"despre","status":"publish","type":"page","link":"https:\/\/pietrodorissa.ro\/en\/despre\/","title":{"rendered":"About"},"content":{"rendered":"<div data-elementor-type=\"wp-page\" data-elementor-id=\"38\" class=\"elementor elementor-38\" data-elementor-post-type=\"page\">\n\t\t\t\t<div class=\"elementor-element elementor-element-7fac8bd3 e-con-full e-flex e-con e-parent\" data-id=\"7fac8bd3\" data-element_type=\"container\" data-e-type=\"container\">\n\t\t\t\t<div class=\"elementor-element elementor-element-8e4ef6e elementor-widget__width-inherit elementor-widget elementor-widget-text-editor\" data-id=\"8e4ef6e\" data-element_type=\"widget\" data-e-type=\"widget\" data-widget_type=\"text-editor.default\">\n\t\t\t\t<div class=\"elementor-widget-container\">\n\t\t\t\t\t\t\t\t\t<p>Our architecture is shaped through a careful dialogue with what already exists, where continuity and transformation are treated with equal rigor. We propose clear, restrained interventions that assert their presence through balance and precision. Each project is guided by a unifying concept capable of structuring space and giving it coherence.<\/p><p>From here, our process begins: an architecture built around the client. We work flexibly, adapting the project strategy to context, budget, and objectives\u2014without compromising quality. Every solution is tailor-made, calibrated to the specific conditions of the site, the program, and its users.<\/p><p>We provide integrated services in building design, interventions on existing and historic buildings, interior design, and urban planning. We manage the entire process\u2014from analysis and concept to technical documentation and construction supervision\u2014within a coherent and unified framework.<\/p>\t\t\t\t\t\t\t\t<\/div>\n\t\t\t\t<\/div>\n\t\t\t\t<div class=\"elementor-element elementor-element-8a7430d elementor-widget__width-inherit elementor-widget elementor-widget-heading\" data-id=\"8a7430d\" data-element_type=\"widget\" data-e-type=\"widget\" data-widget_type=\"heading.default\">\n\t\t\t\t<div class=\"elementor-widget-container\">\n\t\t\t\t\t<h2 class=\"elementor-heading-title elementor-size-default\">Architecture through dialogue<\/h2>\t\t\t\t<\/div>\n\t\t\t\t<\/div>\n\t\t\t\t<\/div>\n\t\t\t\t<\/div>","protected":false},"excerpt":{"rendered":"<p>Arhitectura noastr\u0103 se construie\u0219te printr-un dialog atent cu ceea ce exist\u0103, unde continuitatea \u0219i transformarea sunt tratate cu aceea\u0219i rigoare. Propunem interven\u021bii clare, f\u0103r\u0103 exces, care \u00ee\u0219i afirm\u0103 prezen\u021ba prin echilibru \u0219i precizie. Fiecare proiect este condus de un concept unitar, capabil s\u0103 structureze spa\u021biul \u0219i s\u0103-i ofere coeren\u021b\u0103. De aici \u00eencepe procesul nostru: o [&hellip;]<\/p>","protected":false},"author":1,"featured_media":0,"parent":0,"menu_order":0,"comment_status":"closed","ping_status":"closed","template":"","meta":{"_acf_changed":false,"footnotes":""},"class_list":["post-38","page","type-page","status-publish","hentry"],"acf":[],"_links":{"self":[{"href":"https:\/\/pietrodorissa.ro\/en\/wp-json\/wp\/v2\/pages\/38","targetHints":{"allow":["GET"]}}],"collection":[{"href":"https:\/\/pietrodorissa.ro\/en\/wp-json\/wp\/v2\/pages"}],"about":[{"href":"https:\/\/pietrodorissa.ro\/en\/wp-json\/wp\/v2\/types\/page"}],"author":[{"embeddable":true,"href":"https:\/\/pietrodorissa.ro\/en\/wp-json\/wp\/v2\/users\/1"}],"replies":[{"embeddable":true,"href":"https:\/\/pietrodorissa.ro\/en\/wp-json\/wp\/v2\/comments?post=38"}],"version-history":[{"count":50,"href":"https:\/\/pietrodorissa.ro\/en\/wp-json\/wp\/v2\/pages\/38\/revisions"}],"predecessor-version":[{"id":1403,"href":"https:\/\/pietrodorissa.ro\/en\/wp-json\/wp\/v2\/pages\/38\/revisions\/1403"}],"wp:attachment":[{"href":"https:\/\/pietrodorissa.ro\/en\/wp-json\/wp\/v2\/media?parent=38"}],"curies":[{"name":"wp","href":"https:\/\/api.w.org\/{rel}","templated":true}]}}